{"id":3065,"date":"2023-04-28T19:51:37","date_gmt":"2023-04-28T17:51:37","guid":{"rendered":"https:\/\/dentique-lab.com\/partners\/"},"modified":"2025-08-27T07:48:18","modified_gmt":"2025-08-27T05:48:18","slug":"partners","status":"publish","type":"page","link":"https:\/\/dentique-lab.com\/en\/partners\/","title":{"rendered":"PARTNERS"},"content":{"rendered":"\t\t<div data-elementor-type=\"wp-page\" data-elementor-id=\"3065\" class=\"elementor elementor-3065 elementor-1509\">\n\t\t\t\t\t\t<section class=\"elementor-section elementor-top-section elementor-element elementor-element-51024a1 elementor-section-full_width elementor-section-stretched elementor-section-height-default elementor-section-height-default\" data-id=\"51024a1\" data-element_type=\"section\" data-settings=\"{&quot;stretch_section&quot;:&quot;section-stretched&quot;,&quot;jet_parallax_layout_list&quot;:[]}\">\n\t\t\t\t\t\t<div class=\"elementor-container elementor-column-gap-default\">\n\t\t\t\t\t<div class=\"elementor-column elementor-col-100 elementor-top-column elementor-element elementor-element-9b0911e\" data-id=\"9b0911e\" data-element_type=\"column\">\n\t\t\t<div class=\"elementor-widget-wrap elementor-element-populated\">\n\t\t\t\t\t\t<div class=\"elementor-element elementor-element-4c0fdb1 elementor-widget elementor-widget-google_maps\" data-id=\"4c0fdb1\" data-element_type=\"widget\" data-widget_type=\"google_maps.default\">\n\t\t\t\t<div class=\"elementor-widget-container\">\n\t\t\t\t\t\t\t<div class=\"elementor-custom-embed\">\n\t\t\t<iframe loading=\"lazy\"\n\t\t\t\t\tsrc=\"https:\/\/maps.google.com\/maps?q=Gra%C4%8Dani%20ulica%2012%2C%20Zagreb&#038;t=m&#038;z=17&#038;output=embed&#038;iwloc=near\"\n\t\t\t\t\ttitle=\"Gra\u010dani ulica 12, Zagreb\"\n\t\t\t\t\taria-label=\"Gra\u010dani ulica 12, Zagreb\"\n\t\t\t><\/iframe>\n\t\t<\/div>\n\t\t\t\t\t\t<\/div>\n\t\t\t\t<\/div>\n\t\t\t\t\t<\/div>\n\t\t<\/div>\n\t\t\t\t\t<\/div>\n\t\t<\/section>\n\t\t\t\t<section class=\"elementor-section elementor-top-section elementor-element elementor-element-362e2a1 elementor-section-boxed elementor-section-height-default elementor-section-height-default\" data-id=\"362e2a1\" data-element_type=\"section\" data-settings=\"{&quot;jet_parallax_layout_list&quot;:[]}\">\n\t\t\t\t\t\t<div class=\"elementor-container elementor-column-gap-default\">\n\t\t\t\t\t<div class=\"elementor-column elementor-col-100 elementor-top-column elementor-element elementor-element-0ea567e\" data-id=\"0ea567e\" data-element_type=\"column\">\n\t\t\t<div class=\"elementor-widget-wrap elementor-element-populated\">\n\t\t\t\t\t\t<div class=\"elementor-element elementor-element-00b4776 elementor-widget elementor-widget-heading\" data-id=\"00b4776\" data-element_type=\"widget\" data-widget_type=\"heading.default\">\n\t\t\t\t<div class=\"elementor-widget-container\">\n\t\t\t\t\t<h2 class=\"elementor-heading-title elementor-size-default\">Partners<\/h2>\t\t\t\t<\/div>\n\t\t\t\t<\/div>\n\t\t\t\t<div class=\"elementor-element elementor-element-1ba0ba8 elementor-widget elementor-widget-shortcode\" data-id=\"1ba0ba8\" data-element_type=\"widget\" data-widget_type=\"shortcode.default\">\n\t\t\t\t<div class=\"elementor-widget-container\">\n\t\t\t\t\t\t\t<div class=\"elementor-shortcode\">\n<table id=\"tablepress-1\" class=\"tablepress tablepress-id-1\">\n<thead>\n<tr class=\"row-1\">\n\t<td class=\"column-1\"><\/td><td class=\"column-2\"><\/td>\n<\/tr>\n<\/thead>\n<tbody class=\"row-striping row-hover\">\n<tr class=\"row-2\">\n\t<td class=\"column-1\">Doktori<\/td><td class=\"column-2\">Adresa<\/td>\n<\/tr>\n<tr class=\"row-3\">\n\t<td class=\"column-1\">Dr. \u017darkovi\u0107<br \/>\n091 970 7057<\/td><td class=\"column-2\">Ordinacija dentalne medicine Dubravka \u017darkovi\u0107 dr.med.dent<br \/>\nHaramba\u0161i\u0107eva ulica 38\/I<\/td>\n<\/tr>\n<tr class=\"row-4\">\n\t<td class=\"column-1\">Dr. Kalauz\/dr.Dev\u010di\u0107<br \/>\n091 520 5100<\/td><td class=\"column-2\">Ordinacija dentalne medicin Kalazu\/Dev\u010di\u0107<br \/>\nUlica Crvenog kri\u017ea 23<\/td>\n<\/tr>\n<tr class=\"row-5\">\n\t<td class=\"column-1\">Dr. Puntijar<br \/>\n098 312 404<\/td><td class=\"column-2\">Ordinacija dentalne medicine dr. Puntijar Andreja<br \/>\nGra\u010danska 67<\/td>\n<\/tr>\n<tr class=\"row-6\">\n\t<td class=\"column-1\">Dr. Ba\u0161i\u0107<br \/>\n098311529<\/td><td class=\"column-2\">Lani Dental Centar<br \/>\nUlica Ante Mike Tripala 2<\/td>\n<\/tr>\n<tr class=\"row-7\">\n\t<td class=\"column-1\">Dr. Bival<br \/>\n098 694 201<\/td><td class=\"column-2\">Ordinacija dentalne medicine dr. Ksenija Mom\u010dilovi\u0107 Bival<br \/>\nDegenova 1<\/td>\n<\/tr>\n<tr class=\"row-8\">\n\t<td class=\"column-1\">Dr. \u0110u\u0111ik<br \/>\n099 676 8471<\/td><td class=\"column-2\">Privatna ordinacija dentalne medicine Ana \u0110u\u0111ik, dr. med. <br \/>\ndent. <br \/>\nJulija Knifera 4<\/td>\n<\/tr>\n<tr class=\"row-9\">\n\t<td class=\"column-1\">Dr. Erkapi\u0107<br \/>\n091 795 2662<\/td><td class=\"column-2\">Dom zdravlja Zagreb- Istok<br \/>\nPrilaz baruna Filipovi\u0107a<\/td>\n<\/tr>\n<tr class=\"row-10\">\n\t<td class=\"column-1\">Dr. Frank Begovi\u0107<br \/>\n01 7656 222<\/td><td class=\"column-2\">Ordinacija dentalne medicine Ines Frank Begovi\u0107 dr. med. dent. <br \/>\nVesla\u010dka 17<\/td>\n<\/tr>\n<tr class=\"row-11\">\n\t<td class=\"column-1\">dr.Jak\u0161i\u0107<br \/>\n098 921 2339<\/td><td class=\"column-2\">Privatna stomatolo\u0161ka ordinacijadr.Ana Jak\u0161i\u0107<br \/>\nRendevi\u0107eva ulica 16<\/td>\n<\/tr>\n<tr class=\"row-12\">\n\t<td class=\"column-1\">Dr. Habek<br \/>\n091 782 9894<\/td><td class=\"column-2\">Ordinacija dentalne medicine Maja Habek dr. med. dent.<br \/>\nKsaverska cesta 1<\/td>\n<\/tr>\n<tr class=\"row-13\">\n\t<td class=\"column-1\">Dr. Vacula<br \/>\n091 534 9619<\/td><td class=\"column-2\">Stomatolo\u0161ka ordinacija dr. Antonijela Vacula<br \/>\nGr\u0161kovi\u0107eva 4<\/td>\n<\/tr>\n<tr class=\"row-14\">\n\t<td class=\"column-1\">Dr. Jozinovi\u0107\/Kevilj <br \/>\n01 4667 376<\/td><td class=\"column-2\">Poliklinika LiderDent za ortodonciju i oralnu kirurgiju<br \/>\nKaptol ul. 12<\/td>\n<\/tr>\n<tr class=\"row-15\">\n\t<td class=\"column-1\">Dr. Krasi\u0107<br \/>\n091 573 9119<\/td><td class=\"column-2\">Privatna ordinacija dentalne medicine Irena Krasi\u0107 DMD<br \/>\nVranovina 30<\/td>\n<\/tr>\n<tr class=\"row-16\">\n\t<td class=\"column-1\">Dr. Marde\u0161i\u0107<br \/>\n098 965 5625<\/td><td class=\"column-2\">Ordinacija dentalne medicine Tea Marde\u0161i\u0107 Karlovi\u0107 dr. med. dent.<br \/>\nUlica Zdeslava Turi\u0107a 8<\/td>\n<\/tr>\n<tr class=\"row-17\">\n\t<td class=\"column-1\">Dr. Matutinovi\u0107<br \/>\n098 520 264<\/td><td class=\"column-2\">Dom zdravlja Zagreb- Centar- dr. Matutinovi\u0107<br \/>\nRunanjinova 4<\/td>\n<\/tr>\n<tr class=\"row-18\">\n\t<td class=\"column-1\">Dr. Panian<br \/>\n091 578 6657<\/td><td class=\"column-2\">Dom zdravlja Ivani\u0107 Grad<br \/>\nOmladinska 25-Ivani\u0107 Grad<\/td>\n<\/tr>\n<tr class=\"row-19\">\n\t<td class=\"column-1\">Dr. Sabol Panian<br \/>\n091 538 9331<\/td><td class=\"column-2\">Privatna ordinacija dentalne medicine dr. Bojana Sabol- Panian<br \/>\nMatice Hrvatske 5-Velika Gorica<\/td>\n<\/tr>\n<tr class=\"row-20\">\n\t<td class=\"column-1\">Dr. Horvat-Pili\u0107<br \/>\n091 796 5686<\/td><td class=\"column-2\">Ordinacija dentalne medicine Viktorija Horvat Pili\u0107, dr. med. <br \/>\ndent.<br \/>\nVranovina 30<\/td>\n<\/tr>\n<tr class=\"row-21\">\n\t<td class=\"column-1\">Dr. Radi\u0107<br \/>\n01 4647 013<\/td><td class=\"column-2\">Ordinacija dentalne medicine dr.dent.med. Daniela Nini\u0107<br \/>\nUlica Crvenog kri\u017ea 23<\/td>\n<\/tr>\n<tr class=\"row-22\">\n\t<td class=\"column-1\">Dr. Stubli\u0107<br \/>\n099 467 3819<\/td><td class=\"column-2\">Ordinacija dentalne medicine dr. med. dent. Martina Stubli\u0107<br \/>\nNova Ves 7<\/td>\n<\/tr>\n<tr class=\"row-23\">\n\t<td class=\"column-1\">Dr. Vrani\u0107<br \/>\n092 534 9619<\/td><td class=\"column-2\">Lani Dental Centar<br \/>\nUlica Ante Mike Tripala 2<\/td>\n<\/tr>\n<tr class=\"row-24\">\n\t<td class=\"column-1\">Dr. \u010curkovi\u0107<br \/>\n091 511 9815<\/td><td class=\"column-2\">Privatna ordinacija dentalne medicine dr.med.dent. Mirjana \u010curkovi\u0107    <br \/>\nVrisni\u010dka 6<\/td>\n<\/tr>\n<tr class=\"row-25\">\n\t<td class=\"column-1\"><\/td><td class=\"column-2\"><\/td>\n<\/tr>\n<\/tbody>\n<\/table>\n<!-- #tablepress-1 from cache --><\/div>\n\t\t\t\t\t\t<\/div>\n\t\t\t\t<\/div>\n\t\t\t\t\t<\/div>\n\t\t<\/div>\n\t\t\t\t\t<\/div>\n\t\t<\/section>\n\t\t\t\t<\/div>\n\t\t","protected":false},"excerpt":{"rendered":"<p>Partners<\/p>\n","protected":false},"author":1,"featured_media":0,"parent":0,"menu_order":0,"comment_status":"closed","ping_status":"closed","template":"","meta":{"footnotes":""},"class_list":["post-3065","page","type-page","status-publish","hentry"],"_links":{"self":[{"href":"https:\/\/dentique-lab.com\/en\/wp-json\/wp\/v2\/pages\/3065","targetHints":{"allow":["GET"]}}],"collection":[{"href":"https:\/\/dentique-lab.com\/en\/wp-json\/wp\/v2\/pages"}],"about":[{"href":"https:\/\/dentique-lab.com\/en\/wp-json\/wp\/v2\/types\/page"}],"author":[{"embeddable":true,"href":"https:\/\/dentique-lab.com\/en\/wp-json\/wp\/v2\/users\/1"}],"replies":[{"embeddable":true,"href":"https:\/\/dentique-lab.com\/en\/wp-json\/wp\/v2\/comments?post=3065"}],"version-history":[{"count":0,"href":"https:\/\/dentique-lab.com\/en\/wp-json\/wp\/v2\/pages\/3065\/revisions"}],"wp:attachment":[{"href":"https:\/\/dentique-lab.com\/en\/wp-json\/wp\/v2\/media?parent=3065"}],"curies":[{"name":"wp","href":"https:\/\/api.w.org\/{rel}","templated":true}]}}